{"id":20,"date":"2020-03-23T13:57:03","date_gmt":"2020-03-23T17:57:03","guid":{"rendered":"https:\/\/site.caes.uga.edu\/chavezlab\/?page_id=20"},"modified":"2023-03-18T00:59:29","modified_gmt":"2023-03-18T04:59:29","slug":"publications","status":"publish","type":"page","link":"https:\/\/site.caes.uga.edu\/chavezlab\/publications\/","title":{"rendered":"Publications"},"content":{"rendered":"\n<div class=\"wp-block-group is-layout-flow wp-block-group-is-layout-flow\">\n<p class=\"has-medium-font-size\"><strong>BOOK CHAPTERS<\/strong><\/p>\n\n\n\n<p><strong>Chavez, D.J.<\/strong> and J.X. Chaparro. 2020. The North American Plums (Prunus Spp.) \u2013 A Review of the Taxonomic and Phylogenetic Relationships. In: IntechOpen Online. <a rel=\"noreferrer noopener\" href=\"https:\/\/www.intechopen.com\/online-first\/the-north-american-plums-prunus-spp-a-review-of-the-taxonomic-and-phylogenetic-relationships\" target=\"_blank\">DOI: 10.5772\/intechopen.91638<\/a>. <\/p>\n<\/div>\n\n\n\n<div class=\"wp-block-group is-layout-flow wp-block-group-is-layout-flow\">\n<figure class=\"wp-block-image aligncenter size-medium\"><a href=\"https:\/\/www.intechopen.com\/online-first\/the-north-american-plums-prunus-spp-a-review-of-the-taxonomic-and-phylogenetic-relationships\"><img loading=\"lazy\" decoding=\"async\" width=\"190\" height=\"300\" src=\"https:\/\/site.caes.uga.edu\/chavezlab\/files\/2020\/04\/IntechOpen-2020-190x300.jpg\" alt=\"\" class=\"wp-image-111\" srcset=\"https:\/\/site.caes.uga.edu\/chavezlab\/files\/2020\/04\/IntechOpen-2020-190x300.jpg 190w, https:\/\/site.caes.uga.edu\/chavezlab\/files\/2020\/04\/IntechOpen-2020.jpg 577w\" sizes=\"auto, (max-width: 190px) 100vw, 190px\" \/><\/a><\/figure>\n<\/div>\n\n\n\n<p><strong>Chavez, D.J.<\/strong>, R.A. Itle, D. Mancero-Castillo, J.X. Chaparro and T.G. Beckman. 2019. Chapter 15: Advances and challenges in peach breeding.&nbsp; In: Lang, G.A. (ed). Achieving sustainable cultivation of temperate zone tree fruits and berries. Burleigh Dodds Science Publishing, Cambridge, UK. <a href=\"https:\/\/www.taylorfrancis.com\/books\/9780429275548\">DOI: 10.19103\/AS.2018.0040.15 <\/a><\/p>\n\n\n\n<figure class=\"wp-block-image aligncenter size-medium\"><a href=\"https:\/\/www.taylorfrancis.com\/books\/9780429275548\"><img loading=\"lazy\" decoding=\"async\" width=\"200\" height=\"300\" src=\"https:\/\/site.caes.uga.edu\/chavezlab\/files\/2020\/04\/image-200x300.png\" alt=\"\" class=\"wp-image-113\" srcset=\"https:\/\/site.caes.uga.edu\/chavezlab\/files\/2020\/04\/image-200x300.png 200w, https:\/\/site.caes.uga.edu\/chavezlab\/files\/2020\/04\/image.png 608w\" sizes=\"auto, (max-width: 200px) 100vw, 200px\" \/><\/a><\/figure>\n\n\n\n<p class=\"has-medium-font-size\"><strong>PEER-REVIEW ARTICLES<\/strong><\/p>\n\n\n\n<p>Carrasco-Baquero, J.C., L.F. Lema-Palaquibay, C.R. Ch\u00e1vez-Vel\u00e1squez, V.L. Caballero-Serrano, R.A. Itle, and <strong>D.J. Chavez<\/strong>. 2023. Social perception of the ecosystem services of <em>Prunus serotina<\/em> subsp. <em>capuli <\/em>in the Andes of Ecuador. Land (<em>accepted<\/em>)<\/p>\n\n\n\n<p>Kim, J., J.C. Melgar, K. Adhikari, and <strong>D.J. Chavez<\/strong>. 2023. Comparing Bagged Organic Peach to Regular Organic Peach in the Southeastern United States through Consumer Responses. HortScience (<em>accepted<\/em>).<\/p>\n\n\n\n<p>Wang, P., K.B. Pitts, <strong>D.J. Chavez<\/strong>, and J. Chen. 2023. Microbial load on fresh peaches and hand gloves collected from selected packing facilities in Georgia. LWT 173. <a href=\"https:\/\/doi.org\/10.1016\/j.lwt.2022.114244\">https:\/\/doi.org\/10.1016\/j.lwt.2022.114244<\/a>.<\/p>\n\n\n\n<figure class=\"wp-block-image aligncenter size-large is-resized\"><a href=\"https:\/\/doi.org\/10.1016\/j.lwt.2022.114244\"><img loading=\"lazy\" decoding=\"async\" src=\"https:\/\/site.caes.uga.edu\/chavezlab\/files\/2023\/03\/wang-2023-733x1024.jpg\" alt=\"\" class=\"wp-image-617\" width=\"183\" height=\"256\" srcset=\"https:\/\/site.caes.uga.edu\/chavezlab\/files\/2023\/03\/wang-2023-733x1024.jpg 733w, https:\/\/site.caes.uga.edu\/chavezlab\/files\/2023\/03\/wang-2023-215x300.jpg 215w, https:\/\/site.caes.uga.edu\/chavezlab\/files\/2023\/03\/wang-2023-768x1072.jpg 768w, https:\/\/site.caes.uga.edu\/chavezlab\/files\/2023\/03\/wang-2023-1100x1536.jpg 1100w, https:\/\/site.caes.uga.edu\/chavezlab\/files\/2023\/03\/wang-2023.jpg 1146w\" sizes=\"auto, (max-width: 183px) 100vw, 183px\" \/><\/a><\/figure>\n\n\n\n<p>Wong, C., C. Oliveira-Hofman, B.R. Blaauw, <strong>D.<\/strong> <strong>Chavez<\/strong>, G. Jagdale, R.F. Mizell, III, D. Shapiro-Ilan. 2022.Using the Nematode, <em>Steinernema carpocapsae<\/em>, to Control Peachtree Borer (<em>Synanthedon exitiosa<\/em>): Optimization of Application Rates and Secondary Benefits in Control of Root-Feeding Weevils. Agronomy12:2689. <a href=\"https:\/\/doi.org\/10.3390\/agronomy12112689\">https:\/\/doi.org\/10.3390\/agronomy12112689<\/a><\/p>\n\n\n\n<figure class=\"wp-block-image aligncenter size-large is-resized\"><a href=\"https:\/\/doi.org\/10.3390\/agronomy12112689\"><img loading=\"lazy\" decoding=\"async\" src=\"https:\/\/site.caes.uga.edu\/chavezlab\/files\/2023\/03\/wong-et-al-2022-725x1024.jpg\" alt=\"\" class=\"wp-image-618\" width=\"181\" height=\"256\" srcset=\"https:\/\/site.caes.uga.edu\/chavezlab\/files\/2023\/03\/wong-et-al-2022-725x1024.jpg 725w, https:\/\/site.caes.uga.edu\/chavezlab\/files\/2023\/03\/wong-et-al-2022-212x300.jpg 212w, https:\/\/site.caes.uga.edu\/chavezlab\/files\/2023\/03\/wong-et-al-2022-768x1085.jpg 768w, https:\/\/site.caes.uga.edu\/chavezlab\/files\/2023\/03\/wong-et-al-2022-1088x1536.jpg 1088w, https:\/\/site.caes.uga.edu\/chavezlab\/files\/2023\/03\/wong-et-al-2022.jpg 1133w\" sizes=\"auto, (max-width: 181px) 100vw, 181px\" \/><\/a><\/figure>\n\n\n\n<p>Pathania, S., R.A. Itle, C.R. Ch\u00e1vez, L.F. Lema, V. Caballero-Serrano, J.C. Carrasco, <strong>D.J. Chavez<\/strong>. 2022. Fruit Characterization of\u00a0<em>Prunus serotina<\/em> subsp.\u00a0 <em>capuli<\/em>. Horticulturae 8(9):838. <a href=\"https:\/\/doi.org\/10.3390\/horticulturae8090838\">https:\/\/doi.org\/10.3390\/horticulturae8090838<\/a> (<u><em>Major professor of the first author<\/em><\/u>).<\/p>\n\n\n\n<figure class=\"wp-block-image aligncenter size-large is-resized\"><a href=\"https:\/\/doi.org\/10.3390\/horticulturae8090838\"><img loading=\"lazy\" decoding=\"async\" src=\"https:\/\/site.caes.uga.edu\/chavezlab\/files\/2023\/03\/pathania-et-al-2022-1-791x1024.jpg\" alt=\"\" class=\"wp-image-620\" width=\"198\" height=\"256\" srcset=\"https:\/\/site.caes.uga.edu\/chavezlab\/files\/2023\/03\/pathania-et-al-2022-1-791x1024.jpg 791w, https:\/\/site.caes.uga.edu\/chavezlab\/files\/2023\/03\/pathania-et-al-2022-1-232x300.jpg 232w, https:\/\/site.caes.uga.edu\/chavezlab\/files\/2023\/03\/pathania-et-al-2022-1-768x994.jpg 768w, https:\/\/site.caes.uga.edu\/chavezlab\/files\/2023\/03\/pathania-et-al-2022-1-1187x1536.jpg 1187w, https:\/\/site.caes.uga.edu\/chavezlab\/files\/2023\/03\/pathania-et-al-2022-1.jpg 1236w\" sizes=\"auto, (max-width: 198px) 100vw, 198px\" \/><\/a><\/figure>\n\n\n\n<p>Salazar-Casta\u00f1eda E, Lema-Palaquibay L, Ba\u00f1os-Gaibor K, Ch\u00e1vez-Vel\u00e1squez C, <strong>Chavez Velasquez D<\/strong>, Caballero-Serrano V. 2021. Polo del Conocimiento 6:54-74 DOI: 10.23857\/pc.v6i1.2125.<\/p>\n\n\n\n<p>Casamali, B., M.W. van Iersel, and <strong>D.J. Chavez<\/strong>. 2021. Nitrogen Partitioning in Young \u201cJulyprince\u201d Peach Trees Grown with Different Irrigation and Fertilization Practices in the Southeastern United States. Agronomy 11:350 (<em>Major professor of the first author<\/em>) <a href=\"https:\/\/doi.org\/10.3390\/agronomy11020350\">https:\/\/doi.org\/10.3390\/agronomy11020350<\/a>  <\/p>\n\n\n\n<figure class=\"wp-block-image aligncenter size-large is-resized\"><a href=\"https:\/\/doi.org\/10.3390\/agronomy11020350\"><img loading=\"lazy\" decoding=\"async\" src=\"https:\/\/site.caes.uga.edu\/chavezlab\/files\/2021\/04\/image-1.png\" alt=\"\" class=\"wp-image-557\" width=\"181\" height=\"256\" srcset=\"https:\/\/site.caes.uga.edu\/chavezlab\/files\/2021\/04\/image-1.png 723w, https:\/\/site.caes.uga.edu\/chavezlab\/files\/2021\/04\/image-1-212x300.png 212w\" sizes=\"auto, (max-width: 181px) 100vw, 181px\" \/><\/a><\/figure>\n\n\n\n<p>Casamali, B., M.W. van Iersel, and <strong>D.J. Chavez<\/strong>. 2021. Plant Growth and Physiological Responses to Improved Irrigation and Fertilization Management for Young Peach Trees in the Southeastern United States. HortScience 56:336-346.  (<em>Major professor of the first author<\/em>) <a href=\"https:\/\/doi.org\/10.21273\/HORTSCI15505-20\">DOI:&nbsp;10.21273\/HORTSCI15505-20<\/a><\/p>\n\n\n\n<figure class=\"wp-block-image aligncenter size-large is-resized\"><a href=\"https:\/\/doi.org\/10.21273\/HORTSCI15505-20\"><img loading=\"lazy\" decoding=\"async\" src=\"https:\/\/site.caes.uga.edu\/chavezlab\/files\/2021\/04\/image.png\" alt=\"\" class=\"wp-image-554\" width=\"197\" height=\"256\" srcset=\"https:\/\/site.caes.uga.edu\/chavezlab\/files\/2021\/04\/image.png 788w, https:\/\/site.caes.uga.edu\/chavezlab\/files\/2021\/04\/image-231x300.png 231w, https:\/\/site.caes.uga.edu\/chavezlab\/files\/2021\/04\/image-768x998.png 768w\" sizes=\"auto, (max-width: 197px) 100vw, 197px\" \/><\/a><\/figure>\n\n\n\n<p>Sutton, M., J. Doyle, <strong>D. Chavez<\/strong>, and A. Malladi. Optimizing Fruit-Thinning Strategies in Peach (<em>Prunus persica<\/em>) Production.&nbsp;<em>Horticulturae<\/em>&nbsp;2020,&nbsp;<em>6<\/em>, 41. (<em>Co-<\/em>m<em>ajor professor of the first author<\/em>) <a href=\"https:\/\/doi.org\/10.3390\/horticulturae6030041\">https:\/\/doi.org\/10.3390\/horticulturae6030041<\/a><\/p>\n\n\n\n<figure class=\"wp-block-image aligncenter size-medium\"><a href=\"https:\/\/doi.org\/10.3390\/horticulturae6030041\"><img loading=\"lazy\" decoding=\"async\" width=\"212\" height=\"300\" src=\"https:\/\/site.caes.uga.edu\/chavezlab\/files\/2020\/07\/image-4-212x300.png\" alt=\"\" class=\"wp-image-515\" srcset=\"https:\/\/site.caes.uga.edu\/chavezlab\/files\/2020\/07\/image-4-212x300.png 212w, https:\/\/site.caes.uga.edu\/chavezlab\/files\/2020\/07\/image-4.png 580w\" sizes=\"auto, (max-width: 212px) 100vw, 212px\" \/><\/a><\/figure>\n\n\n\n<p>Reighard, G., W. Bridges, W. Archbold, A. Atucha, W. Autio, T. Beckman, B. Black, &nbsp;<strong>D.J. Chavez<\/strong>, E. Coneva, K. Day, P. Francescatto, M. Kushad, R.S. Johnson, T. Lindstrom, J. Lordan, I.S. Minas, D. Ouellette, M. Parker, R. Pokharel, T. Robinson, J. Schupp, M. Warmund, and D. Wolfe. 2020. Nine-year rootstock performance of the NC-140 Redhaven peach trial across 13 states. J. Amer. Pomol. Soc. 74-45-56.<\/p>\n\n\n\n<figure class=\"wp-block-image aligncenter size-medium\"><a href=\"https:\/\/www.pubhort.org\/aps\/74\/v74_n1_a4.htm\"><img loading=\"lazy\" decoding=\"async\" width=\"200\" height=\"300\" src=\"https:\/\/site.caes.uga.edu\/chavezlab\/files\/2020\/07\/image-200x300.png\" alt=\"\" class=\"wp-image-467\" srcset=\"https:\/\/site.caes.uga.edu\/chavezlab\/files\/2020\/07\/image-200x300.png 200w, https:\/\/site.caes.uga.edu\/chavezlab\/files\/2020\/07\/image.png 576w\" sizes=\"auto, (max-width: 200px) 100vw, 200px\" \/><\/a><\/figure>\n\n\n\n<p>Liu, J., O. Lindstrom, and <strong>D.J. Chavez<\/strong>. 2019. Differential thermal analysis of \u2018Elberta\u2019 and \u2018Flavorich\u2019 peach flower buds to predict cold hardiness in Georgia. &nbsp;Hortscience 54:676-683 (<em>Major professor of the first author<\/em>) <a href=\"https:\/\/doi.org\/10.21273\/HORTSCI13518-18\">https:\/\/doi.org\/10.21273\/HORTSCI13518-18 <\/a><\/p>\n\n\n\n<figure class=\"wp-block-image aligncenter size-medium\"><a href=\"https:\/\/journals.ashs.org\/hortsci\/view\/journals\/hortsci\/54\/4\/article-p676.xml\"><img loading=\"lazy\" decoding=\"async\" width=\"231\" height=\"300\" src=\"https:\/\/site.caes.uga.edu\/chavezlab\/files\/2020\/04\/image-2-231x300.png\" alt=\"\" class=\"wp-image-186\" srcset=\"https:\/\/site.caes.uga.edu\/chavezlab\/files\/2020\/04\/image-2-231x300.png 231w, https:\/\/site.caes.uga.edu\/chavezlab\/files\/2020\/04\/image-2-789x1024.png 789w, https:\/\/site.caes.uga.edu\/chavezlab\/files\/2020\/04\/image-2-768x997.png 768w, https:\/\/site.caes.uga.edu\/chavezlab\/files\/2020\/04\/image-2-1183x1536.png 1183w, https:\/\/site.caes.uga.edu\/chavezlab\/files\/2020\/04\/image-2.png 1323w\" sizes=\"auto, (max-width: 231px) 100vw, 231px\" \/><\/a><\/figure>\n\n\n\n<p>Beckman, T.G., A. Rollins, J. Pitts, <strong>D. Chavez<\/strong>, and J.X. Chaparro. 2019. Disease resistance of \u2018MP-29\u2019, a clonal interspecific hybrid rootstock of peach, in post-release trials. HortScience 54:638-641. <a href=\"https:\/\/doi.org\/10.21273\/HORTSCI13592-18\">https:\/\/doi.org\/10.21273\/HORTSCI13592-18<\/a><\/p>\n\n\n\n<figure class=\"wp-block-image aligncenter size-medium\"><a href=\"https:\/\/journals.ashs.org\/hortsci\/view\/journals\/hortsci\/54\/4\/article-p638.xml\"><img loading=\"lazy\" decoding=\"async\" width=\"231\" height=\"300\" src=\"https:\/\/site.caes.uga.edu\/chavezlab\/files\/2020\/04\/image-3-231x300.png\" alt=\"\" class=\"wp-image-192\" srcset=\"https:\/\/site.caes.uga.edu\/chavezlab\/files\/2020\/04\/image-3-231x300.png 231w, https:\/\/site.caes.uga.edu\/chavezlab\/files\/2020\/04\/image-3.png 463w\" sizes=\"auto, (max-width: 231px) 100vw, 231px\" \/><\/a><\/figure>\n\n\n\n<p>Redpath, L.E., <strong>D.J. Chavez<\/strong>, A. Malladi, and E.D. Smith. 2018. Southern highbush blueberry floral bud cold hardiness through dormancy in sub-tropical climate. <a href=\"https:\/\/www.pubhort.org\/aps\/72\/v72_n3_a3.htm\">J. Amer. Pomol. Soc. 72:166-172<\/a> (<em>Graduate Committee Member of the first author<\/em>) <\/p>\n\n\n\n<figure class=\"wp-block-image aligncenter size-medium\"><a href=\"https:\/\/www.pubhort.org\/aps\/72\/v72_n3_a3.htm\"><img loading=\"lazy\" decoding=\"async\" width=\"200\" height=\"300\" src=\"https:\/\/site.caes.uga.edu\/chavezlab\/files\/2020\/07\/image-1-200x300.png\" alt=\"\" class=\"wp-image-468\" srcset=\"https:\/\/site.caes.uga.edu\/chavezlab\/files\/2020\/07\/image-1-200x300.png 200w, https:\/\/site.caes.uga.edu\/chavezlab\/files\/2020\/07\/image-1.png 547w\" sizes=\"auto, (max-width: 200px) 100vw, 200px\" \/><\/a><\/figure>\n\n\n\n<p>Belisle, C., U. Phan, K. Adhikari, and <strong>D.J. Chavez<\/strong>. 2018. A survey of peach cultivars quality grown in the southeastern U.S. HortTechnology 28:189-201. (<em>Major professor of the first author<\/em>) <a href=\"https:\/\/journals.ashs.org\/horttech\/view\/journals\/horttech\/28\/2\/article-p189.xml\">https:\/\/doi.org\/10.21273\/HORTTECH03870-17<\/a><\/p>\n\n\n\n<figure class=\"wp-block-image aligncenter size-medium\"><a href=\"https:\/\/journals.ashs.org\/horttech\/view\/journals\/horttech\/28\/2\/article-p189.xml\"><img loading=\"lazy\" decoding=\"async\" width=\"231\" height=\"300\" src=\"https:\/\/site.caes.uga.edu\/chavezlab\/files\/2020\/04\/image-5-231x300.png\" alt=\"\" class=\"wp-image-199\" srcset=\"https:\/\/site.caes.uga.edu\/chavezlab\/files\/2020\/04\/image-5-231x300.png 231w, https:\/\/site.caes.uga.edu\/chavezlab\/files\/2020\/04\/image-5.png 463w\" sizes=\"auto, (max-width: 231px) 100vw, 231px\" \/><\/a><\/figure>\n\n\n\n<p>Belisle, C., K. Adhikari, <strong>D.J. Chavez<\/strong>, and U. Phan. 2017. Development of a lexicon for flavor and texture of fresh peach cultivars. \u200eJ. Sens. Stud. 32: e12276. (<em>Major professor of the first author<\/em>)  <a href=\"https:\/\/doi.org\/10.1111\/joss.12276\">https:\/\/doi.org\/10.1111\/joss.12276<\/a><\/p>\n\n\n\n<figure class=\"wp-block-image aligncenter size-medium\"><a href=\"https:\/\/doi.org\/10.1111\/joss.12276\"><img loading=\"lazy\" decoding=\"async\" width=\"229\" height=\"300\" src=\"https:\/\/site.caes.uga.edu\/chavezlab\/files\/2020\/07\/image-2-229x300.png\" alt=\"\" class=\"wp-image-470\" srcset=\"https:\/\/site.caes.uga.edu\/chavezlab\/files\/2020\/07\/image-2-229x300.png 229w, https:\/\/site.caes.uga.edu\/chavezlab\/files\/2020\/07\/image-2.png 627w\" sizes=\"auto, (max-width: 229px) 100vw, 229px\" \/><\/a><\/figure>\n\n\n\n<p>Simnitt, S., T. Borisova, <strong>D.J. Chavez<\/strong>, and M. Olmstead. 2017. Frost Protection for Early-Season Peach Varieties: Current Practices and Information Needs in the State of Georgia. HortTechnology 27:344-353. <a href=\"https:\/\/doi.org\/10.21273\/HORTTECH03590-16\">https:\/\/doi.org\/10.21273\/HORTTECH03590-16<\/a><\/p>\n\n\n\n<figure class=\"wp-block-image aligncenter size-medium\"><a href=\"https:\/\/doi.org\/10.21273\/HORTTECH03590-16\"><img loading=\"lazy\" decoding=\"async\" width=\"231\" height=\"300\" src=\"https:\/\/site.caes.uga.edu\/chavezlab\/files\/2020\/04\/image-6-231x300.png\" alt=\"\" class=\"wp-image-201\" srcset=\"https:\/\/site.caes.uga.edu\/chavezlab\/files\/2020\/04\/image-6-231x300.png 231w, https:\/\/site.caes.uga.edu\/chavezlab\/files\/2020\/04\/image-6.png 463w\" sizes=\"auto, (max-width: 231px) 100vw, 231px\" \/><\/a><\/figure>\n\n\n\n<p>Casamali, B. and <strong>D.J. Chavez<\/strong>. 2017. Potential of new <em>Prunus<\/em> rootstocks for managing Armillaria root rot disease in peach production. J. Amer. Pomol. Soc. 71:82-90. (<em>Major professor of the first author<\/em>). <\/p>\n\n\n\n<p> Tucker, Z., <strong>D.J. Chavez<\/strong>, and J.X. Chaparro. 2017. Effect of the seedlessness (Fs) gene in fruit quality traits in mandarin segregating populations. J. Amer. Pomol. Soc. 71:29-33. (<em>Supervisor of the first author<\/em>). <\/p>\n\n\n\n<p><strong>Chavez, D.J.<\/strong>, T.G. Beckman, and J.X. Chaparro. 2016. Identifying the North American plum species phylogenetic signal using nuclear, mitochondrial, and chloroplast DNA markers. J. Amer. Soc. Hort. Sci. 141:623-644. <a href=\"https:\/\/doi.org\/10.21273\/JASHS03875-16\">https:\/\/doi.org\/10.21273\/JASHS03875-16<\/a><\/p>\n\n\n\n<figure class=\"wp-block-image aligncenter size-medium\"><a href=\"https:\/\/doi.org\/10.21273\/JASHS03875-16\"><img loading=\"lazy\" decoding=\"async\" width=\"231\" height=\"300\" src=\"https:\/\/site.caes.uga.edu\/chavezlab\/files\/2020\/04\/image-7-231x300.png\" alt=\"\" class=\"wp-image-203\" srcset=\"https:\/\/site.caes.uga.edu\/chavezlab\/files\/2020\/04\/image-7-231x300.png 231w, https:\/\/site.caes.uga.edu\/chavezlab\/files\/2020\/04\/image-7.png 463w\" sizes=\"auto, (max-width: 231px) 100vw, 231px\" \/><\/a><\/figure>\n\n\n\n<p> <strong>Chavez, D.J.<\/strong>, T.G. Beckman, D.J. Werner, and J.X. Chaparro. 2014. Genetic diversity in peach [<em>Prunus persica<\/em> (L.) Batsch] at the University of Florida: Past, present and future. Tree Genet. Genomes 10:1399-1417.  <a href=\"https:\/\/doi.org\/10.1007\/s11295-014-0769-2\">https:\/\/doi.org\/10.1007\/s11295-014-0769-2<\/a><\/p>\n\n\n\n<figure class=\"wp-block-image aligncenter size-medium\"><a href=\"https:\/\/doi.org\/10.1007\/s11295-014-0769-2\"><img loading=\"lazy\" decoding=\"async\" width=\"226\" height=\"300\" src=\"https:\/\/site.caes.uga.edu\/chavezlab\/files\/2020\/07\/image-3-226x300.png\" alt=\"\" class=\"wp-image-471\" srcset=\"https:\/\/site.caes.uga.edu\/chavezlab\/files\/2020\/07\/image-3-226x300.png 226w, https:\/\/site.caes.uga.edu\/chavezlab\/files\/2020\/07\/image-3.png 617w\" sizes=\"auto, (max-width: 226px) 100vw, 226px\" \/><\/a><\/figure>\n\n\n\n<p><strong>Chavez, D.J.<\/strong> and J.X. Chaparro. 2011. Identification of markers linked to seedlessness in <em>Citrus kinokuni <\/em>hort. ex Tanaka and its progeny using bulked segregant analysis. HortScience 46:693-697. <a href=\"https:\/\/doi.org\/10.21273\/HORTSCI.46.5.693\">https:\/\/doi.org\/10.21273\/HORTSCI.46.5.693<\/a><\/p>\n\n\n\n<figure class=\"wp-block-image aligncenter size-medium\"><a href=\"https:\/\/doi.org\/10.21273\/HORTSCI.46.5.693\"><img loading=\"lazy\" decoding=\"async\" width=\"231\" height=\"300\" src=\"https:\/\/site.caes.uga.edu\/chavezlab\/files\/2020\/04\/image-8-231x300.png\" alt=\"\" class=\"wp-image-204\" srcset=\"https:\/\/site.caes.uga.edu\/chavezlab\/files\/2020\/04\/image-8-231x300.png 231w, https:\/\/site.caes.uga.edu\/chavezlab\/files\/2020\/04\/image-8.png 463w\" sizes=\"auto, (max-width: 231px) 100vw, 231px\" \/><\/a><\/figure>\n\n\n\n<p><strong>Chavez, D.J.<\/strong>, E.A. Kabelka, and J.X. Chaparro. 2011. Screening of <em>Cucurbita moschata<\/em> Duchesne germplasm for crown rot resistance to Floridian isolates of <em>Phytophthora capsici<\/em> Leonian. HortScience 46:536-540. <a href=\"https:\/\/doi.org\/10.21273\/HORTSCI.46.4.536\">https:\/\/doi.org\/10.21273\/HORTSCI.46.4.536<\/a><\/p>\n\n\n\n<figure class=\"wp-block-image aligncenter size-medium\"><a href=\"https:\/\/doi.org\/10.21273\/HORTSCI.46.4.536\"><img loading=\"lazy\" decoding=\"async\" width=\"231\" height=\"300\" src=\"https:\/\/site.caes.uga.edu\/chavezlab\/files\/2020\/04\/image-9-231x300.png\" alt=\"\" class=\"wp-image-206\" srcset=\"https:\/\/site.caes.uga.edu\/chavezlab\/files\/2020\/04\/image-9-231x300.png 231w, https:\/\/site.caes.uga.edu\/chavezlab\/files\/2020\/04\/image-9.png 463w\" sizes=\"auto, (max-width: 231px) 100vw, 231px\" \/><\/a><\/figure>\n\n\n\n<p><strong>Chavez, D.J.<\/strong> and P.M. Lyrene. 2010. Hybridization of two diploid <em>Vaccinium<\/em> section <em>Cyanococcus<\/em> species with diploid <em>Vaccinium arboreum<\/em> in section <em>Batodendron<\/em>. Euphytica 171:263-272. <a href=\"https:\/\/doi.org\/10.1007\/s10681-009-0050-1\">https:\/\/doi.org\/10.1007\/s10681-009-0050-1<\/a><\/p>\n\n\n\n<p><strong>Chavez, D.J.<\/strong> and P.M. Lyrene. 2009. Production and identification of colchicine-derived tetraploid <em>Vaccinium darrowii<\/em> and its use in breeding. J. Amer. Soc. Hort. Sci. 134:352-363. <a href=\"https:\/\/doi.org\/10.21273\/JASHS.134.3.356\">https:\/\/doi.org\/10.21273\/JASHS.134.3.356<\/a><\/p>\n\n\n\n<figure class=\"wp-block-image aligncenter size-medium\"><a href=\"https:\/\/doi.org\/10.21273\/JASHS.134.3.356\"><img loading=\"lazy\" decoding=\"async\" width=\"231\" height=\"300\" src=\"https:\/\/site.caes.uga.edu\/chavezlab\/files\/2020\/04\/image-10-231x300.png\" alt=\"\" class=\"wp-image-208\" srcset=\"https:\/\/site.caes.uga.edu\/chavezlab\/files\/2020\/04\/image-10-231x300.png 231w, https:\/\/site.caes.uga.edu\/chavezlab\/files\/2020\/04\/image-10.png 463w\" sizes=\"auto, (max-width: 231px) 100vw, 231px\" \/><\/a><\/figure>\n\n\n\n<p><strong>Chavez, D.J.<\/strong> and P.M. Lyrene. 2009. Interspecific crosses and backcrosses between diploid<em>Vaccinium darrowii<\/em> and tetraploid southern highbush blueberry. J. Amer. Soc. Hort. Sci. 134:273-280. <a href=\"https:\/\/doi.org\/10.21273\/JASHS.134.2.273\">https:\/\/doi.org\/10.21273\/JASHS.134.2.273<\/a><\/p>\n\n\n\n<figure class=\"wp-block-image aligncenter size-medium\"><a href=\"https:\/\/doi.org\/10.21273\/JASHS.134.2.273\"><img loading=\"lazy\" decoding=\"async\" width=\"231\" height=\"300\" src=\"https:\/\/site.caes.uga.edu\/chavezlab\/files\/2020\/04\/image-11-231x300.png\" alt=\"\" class=\"wp-image-209\" srcset=\"https:\/\/site.caes.uga.edu\/chavezlab\/files\/2020\/04\/image-11-231x300.png 231w, https:\/\/site.caes.uga.edu\/chavezlab\/files\/2020\/04\/image-11.png 463w\" sizes=\"auto, (max-width: 231px) 100vw, 231px\" \/><\/a><\/figure>\n\n\n\n<p><strong>Chavez, D.J.<\/strong> and P.M. Lyrene. 2009. Effects of self-pollination and cross-pollination of <em>Vaccinium darrowii<\/em> (Ericaceae) and other low-chill blueberries. <a href=\"https:\/\/www.researchgate.net\/profile\/Dario_Chavez\/publication\/266022218_Effects_of_Self-pollination_and_Cross-pollination_of_Vaccinium_darrowii_Ericaceae_and_Other_Low-chill_Blueberries\/links\/569835f808ae1c42790549fa\/Effects-of-Self-pollination-and-Cross-pollination-of-Vaccinium-darrowii-Ericaceae-and-Other-Low-chill-Blueberries.pdf\">HortScience 44:1538-1541.<\/a><\/p>\n\n\n\n<figure class=\"wp-block-image aligncenter size-medium\"><a href=\"https:\/\/www.researchgate.net\/profile\/Dario_Chavez\/publication\/266022218_Effects_of_Self-pollination_and_Cross-pollination_of_Vaccinium_darrowii_Ericaceae_and_Other_Low-chill_Blueberries\/links\/569835f808ae1c42790549fa\/Effects-of-Self-pollination-and-Cross-pollination-of-Vaccinium-darrowii-Ericaceae-and-Other-Low-chill-Blueberries.pdf\"><img loading=\"lazy\" decoding=\"async\" width=\"212\" height=\"300\" src=\"https:\/\/site.caes.uga.edu\/chavezlab\/files\/2020\/04\/image-12-212x300.png\" alt=\"\" class=\"wp-image-210\" srcset=\"https:\/\/site.caes.uga.edu\/chavezlab\/files\/2020\/04\/image-12-212x300.png 212w, https:\/\/site.caes.uga.edu\/chavezlab\/files\/2020\/04\/image-12.png 425w\" sizes=\"auto, (max-width: 212px) 100vw, 212px\" \/><\/a><\/figure>\n","protected":false},"excerpt":{"rendered":"<p>BOOK CHAPTERS Chavez, D.J. and J.X. Chaparro. 2020. The North American Plums (Prunus Spp.) \u2013 A Review of the Taxonomic and Phylogenetic Relationships. In: IntechOpen Online. DOI: 10.5772\/intechopen.91638. Chavez, D.J., R.A. Itle, D. Mancero-Castillo, J.X. Chaparro and T.G. Beckman. 2019. Chapter 15: Advances and challenges in peach breeding.&nbsp; In: Lang, G.A. (ed). Achieving sustainable cultivation [&hellip;]<\/p>\n","protected":false},"author":297,"featured_media":0,"parent":0,"menu_order":0,"comment_status":"closed","ping_status":"closed","template":"page-full.php","meta":{"footnotes":""},"class_list":["post-20","page","type-page","status-publish","hentry"],"_links":{"self":[{"href":"https:\/\/site.caes.uga.edu\/chavezlab\/wp-json\/wp\/v2\/pages\/20","targetHints":{"allow":["GET"]}}],"collection":[{"href":"https:\/\/site.caes.uga.edu\/chavezlab\/wp-json\/wp\/v2\/pages"}],"about":[{"href":"https:\/\/site.caes.uga.edu\/chavezlab\/wp-json\/wp\/v2\/types\/page"}],"author":[{"embeddable":true,"href":"https:\/\/site.caes.uga.edu\/chavezlab\/wp-json\/wp\/v2\/users\/297"}],"replies":[{"embeddable":true,"href":"https:\/\/site.caes.uga.edu\/chavezlab\/wp-json\/wp\/v2\/comments?post=20"}],"version-history":[{"count":9,"href":"https:\/\/site.caes.uga.edu\/chavezlab\/wp-json\/wp\/v2\/pages\/20\/revisions"}],"predecessor-version":[{"id":621,"href":"https:\/\/site.caes.uga.edu\/chavezlab\/wp-json\/wp\/v2\/pages\/20\/revisions\/621"}],"wp:attachment":[{"href":"https:\/\/site.caes.uga.edu\/chavezlab\/wp-json\/wp\/v2\/media?parent=20"}],"curies":[{"name":"wp","href":"https:\/\/api.w.org\/{rel}","templated":true}]}}